{"id":5865,"date":"2021-05-25T11:36:02","date_gmt":"2021-05-25T11:36:02","guid":{"rendered":"https:\/\/larson-demo.bslthemes.com\/?page_id=13"},"modified":"2024-05-14T14:46:24","modified_gmt":"2024-05-14T12:46:24","slug":"home-default","status":"publish","type":"page","link":"https:\/\/x2expertise.fr\/index.php\/home-default\/","title":{"rendered":"Home (Default)"},"content":{"rendered":"\t\t<div data-elementor-type=\"wp-page\" data-elementor-id=\"5865\" class=\"elementor elementor-5865\">\n\t\t\t\t\t\t<section class=\"elementor-section elementor-top-section elementor-element elementor-element-7795526 elementor-section-full_width elementor-section-height-default elementor-section-height-default\" data-id=\"7795526\" data-element_type=\"section\">\n\t\t\t\t\t\t<div class=\"elementor-container elementor-column-gap-no\">\n\t\t\t\t\t<div class=\"elementor-column elementor-col-100 elementor-top-column elementor-element elementor-element-823bd72\" data-id=\"823bd72\" data-element_type=\"column\">\n\t\t\t<div class=\"elementor-widget-wrap elementor-element-populated\">\n\t\t\t\t\t\t<div class=\"elementor-element elementor-element-826053a elementor-widget elementor-widget-larson-hero-slider\" data-id=\"826053a\" data-element_type=\"widget\" data-widget_type=\"larson-hero-slider.default\">\n\t\t\t\t<div class=\"elementor-widget-container\">\n\t\t\t\n\t\t<div class=\"webpage__main-slider main-slider\">\n\t    \t<div class=\"swiper-container __js_main-slider\" data-delay=\"4000\">\n\t    \t\t\t    \t\t<div class=\"swiper-wrapper\">\n\t    \t\t\t\t    \t\t\t<div class=\"swiper-slide\">\n\t    \t\t\t\t<div class=\"slide\" style=\"background-image: url(https:\/\/x2expertise.fr\/wp-content\/uploads\/2021\/07\/1@2x-scaled-1-1920x1080.jpg);\" data-dimg=\"https:\/\/x2expertise.fr\/wp-content\/uploads\/2021\/07\/1@2x-scaled-1-1920x1080.jpg\" data-mimg=\"\"><\/div>\n\t    \t\t\t\t<div class=\"container\">\n\t    \t\t\t\t\t<div class=\"info\">\n\t    \t\t\t\t\t\t<div class=\"bline\">\n\t    \t\t\t\t\t\t\t<span class=\"bline-1\"><\/span>\n\t    \t\t\t\t\t\t\t<span class=\"bline-2\"><\/span>\n\t    \t\t\t\t\t\t\t<span class=\"bline-3\"><\/span>\n\t    \t\t\t\t\t\t<\/div>\n\t    \t\t\t\t\t\t\t    \t\t\t\t\t\t\t    \t\t\t\t\t\t<div class=\"title\">\n\t    \t\t\t\t\t\t\t<span >\n\t\t\t    \t\t\t\t\t\tVotre<br \/>\nExpert en<br \/>\n<b> b\u00e2timent<\/b>\t\t\t    \t\t\t\t\t<\/span>\n\t    \t\t\t\t\t\t<\/div>\n\t    \t\t\t\t\t\t\t    \t\t\t\t\t\t\t    \t\t\t\t\t<\/div>\n\t    \t\t\t\t<\/div>\n\t    \t\t\t<\/div>\n\t    \t\t\t\t    \t\t<\/div>\n\t    \t\t\n\t    \t\t<div class=\"swiper-custom-nav\">\n\t    \t\t\t<a class=\"prev\">Prev<\/a>\n\t    \t\t\t<a class=\"next\">Next<\/a>\n\t    \t\t<\/div>\n\t    \t<\/div>\n\t    \t<div class=\"swiper-custom-pagination\">\n\t    \t\t\t    \t\t<ul>\n\t    \t\t\t\t    \t\t\t<li>\n\t    \t\t\t\t<span class=\"num\">\n\t    \t\t\t\t\t01\t    \t\t\t\t<\/span>\n\t    \t\t\t\t<span class=\"label\">\n\t    \t\t\t\t\t<span >\n\t    \t\t\t\t\t\t\t    \t\t\t\t\t<\/span>\n\t    \t\t\t\t<\/span>\n\t    \t\t\t<\/li>\n\t    \t\t\t\t    \t\t<\/ul>\n\t    \t\t\t    \t<\/div>\n\t    <\/div>\n\n\t\t\t\t<\/div>\n\t\t\t\t<\/div>\n\t\t\t\t\t<\/div>\n\t\t<\/div>\n\t\t\t\t\t<\/div>\n\t\t<\/section>\n\t\t<div class=\"elementor-element elementor-element-16bfc65 e-flex e-con-boxed e-con e-parent\" data-id=\"16bfc65\" data-element_type=\"container\">\n\t\t\t\t\t<div class=\"e-con-inner\">\n\t\t<div class=\"elementor-element elementor-element-a76c0b7 e-con-full e-flex e-con e-child\" data-id=\"a76c0b7\" data-element_type=\"container\">\n\t\t\t\t<div class=\"elementor-element elementor-element-52cffcc elementor-widget elementor-widget-text-editor\" data-id=\"52cffcc\" data-element_type=\"widget\" data-widget_type=\"text-editor.default\">\n\t\t\t\t<div class=\"elementor-widget-container\">\n\t\t\t<style>\/*! elementor - v3.21.0 - 15-04-2024 *\/\n.elementor-widget-text-editor.elementor-drop-cap-view-stacked .elementor-drop-cap{background-color:#69727d;color:#fff}.elementor-widget-text-editor.elementor-drop-cap-view-framed .elementor-drop-cap{color:#69727d;border:3px solid;background-color:transparent}.elementor-widget-text-editor:not(.elementor-drop-cap-view-default) .elementor-drop-cap{margin-top:8px}.elementor-widget-text-editor:not(.elementor-drop-cap-view-default) .elementor-drop-cap-letter{width:1em;height:1em}.elementor-widget-text-editor .elementor-drop-cap{float:left;text-align:center;line-height:1;font-size:50px}.elementor-widget-text-editor .elementor-drop-cap-letter{display:inline-block}<\/style>\t\t\t\t<h3 style=\"padding-bottom: 10px; border-width: 0px; border-style: initial; outline-style: initial; outline-width: 0px; font-size: 22px; text-size-adjust: 100%; vertical-align: baseline; background-image: initial; background-position: initial; background-size: initial; background-repeat: initial; background-attachment: initial; background-origin: initial; background-clip: initial; color: #217c34; font-family: Muli, sans-serif;\"><span style=\"border-width: 0px; border-style: initial; outline-style: initial; outline-width: 0px; text-size-adjust: 100%; vertical-align: baseline; background: transparent;\"><span style=\"border-width: 0px; border-style: initial; outline-style: initial; outline-width: 0px; text-size-adjust: 100%; vertical-align: baseline; background: transparent; color: #000000;\"><span style=\"color: #008080;\"><span style=\"font-weight: bolder;\">Vous rencontrez des probl\u00e8mes lors de vos travaux ?<\/span><\/span><\/span><\/span><\/h3><p><b><span style=\"color: #000000; font-family: Muli, sans-serif; font-size: 18px; text-align: justify;\">Un\u00a0<\/span><span style=\"border-width: 0px; border-style: initial; outline-style: initial; outline-width: 0px; font-size: 18px; text-size-adjust: 100%; vertical-align: baseline; background-image: initial; background-position: initial; background-size: initial; background-repeat: initial; background-attachment: initial; background-origin: initial; background-clip: initial; color: #000000; font-family: Muli, sans-serif; text-align: justify;\">litige<\/span><span style=\"color: #000000; font-family: Muli, sans-serif; font-size: 18px; text-align: justify;\"> en cours de construction ou r\u00e9novation de votre maison, un probl\u00e8me lors de la restauration <\/span><\/b><span style=\"color: #000000; font-family: Muli, sans-serif; font-size: 18px; text-align: justify;\"><b>d\u2019un bien immobilier ?<\/b><br \/><\/span><\/p><p><span style=\"color: #000000; font-family: Muli, sans-serif; font-size: 18px; text-align: justify;\">La<\/span><span style=\"border-width: 0px; border-style: initial; outline-style: initial; outline-width: 0px; font-size: 18px; text-size-adjust: 100%; vertical-align: baseline; background-image: initial; background-position: initial; background-size: initial; background-repeat: initial; background-attachment: initial; background-origin: initial; background-clip: initial; color: #000000; font-family: Muli, sans-serif; text-align: justify; font-weight: bold;\">\u00a0communication est <\/span><span style=\"color: #000000; font-family: Muli, sans-serif; font-size: 18px; text-align: justify;\"><b>difficile ou\u00a0<\/b><\/span><span style=\"background-image: initial; background-position: initial; background-size: initial; background-repeat: initial; background-attachment: initial; background-origin: initial; background-clip: initial; border-width: 0px; border-style: initial; outline-style: initial; outline-width: 0px; font-size: 18px; text-size-adjust: 100%; vertical-align: baseline; color: #000000; font-family: Muli, sans-serif; text-align: justify; font-weight: bold;\">rompue<\/span><span style=\"color: #000000; font-family: Muli, sans-serif; font-size: 18px; text-align: justify;\">\u00a0<\/span><span style=\"color: #000000; font-family: Muli, sans-serif; font-size: 18px; text-align: justify;\">entre vous et les entreprises, la situation est dans l\u2019impasse ?<\/span><\/p><p><span style=\"color: #000000; font-family: Muli, sans-serif; font-size: 18px; text-align: justify;\">Il faut savoir que le d\u00e9lai moyen d\u2019instruction d\u2019un litige devant un<\/span><span style=\"border-width: 0px; border-style: initial; outline-style: initial; outline-width: 0px; font-size: 18px; text-size-adjust: 100%; vertical-align: baseline; background-image: initial; background-position: initial; background-size: initial; background-repeat: initial; background-attachment: initial; background-origin: initial; background-clip: initial; font-weight: bold; color: #000000; font-family: Muli, sans-serif; text-align: justify;\">\u00a0tribunal est de 15 \u00e0 18 mois<\/span><span style=\"color: #000000; font-family: Muli, sans-serif; font-size: 18px; text-align: justify;\">. <br \/>Il existe des solutions de <b>conciliation <\/b>et de\u00a0<\/span><span style=\"border-width: 0px; border-style: initial; outline-style: initial; outline-width: 0px; font-size: 18px; text-size-adjust: 100%; vertical-align: baseline; background-image: initial; background-position: initial; background-size: initial; background-repeat: initial; background-attachment: initial; background-origin: initial; background-clip: initial; font-weight: bold; color: #000000; font-family: Muli, sans-serif; text-align: justify;\">m\u00e9diation<\/span><span style=\"color: #000000; font-family: Muli, sans-serif; font-size: 18px; text-align: justify;\">\u00a0avant d&#8217;en arriver l\u00e0.<\/span><\/p><h3 style=\"padding-bottom: 10px; border-width: 0px; border-style: initial; outline-style: initial; outline-width: 0px; font-size: 22px; text-size-adjust: 100%; vertical-align: baseline; background-image: initial; background-position: initial; background-size: initial; background-repeat: initial; background-attachment: initial; background-origin: initial; background-clip: initial; color: #217c34; font-weight: 600; font-family: Muli, sans-serif;\"><span style=\"border-width: 0px; border-style: initial; outline-style: initial; outline-width: 0px; text-size-adjust: 100%; vertical-align: baseline; background: transparent; font-weight: bolder;\"><span style=\"border-width: 0px; border-style: initial; outline-style: initial; outline-width: 0px; text-size-adjust: 100%; vertical-align: baseline; background: transparent; color: #008080;\">Litige construction maison : Arbitrage, conciliation ou m\u00e9diation ?<\/span><\/span><\/h3><p style=\"padding-bottom: 1em; border-width: 0px; border-style: initial; outline-style: initial; outline-width: 0px; font-size: 18px; text-size-adjust: 100%; vertical-align: baseline; background-image: initial; background-position: initial; background-size: initial; background-repeat: initial; background-attachment: initial; background-origin: initial; background-clip: initial; color: #000000; font-family: Muli, sans-serif; text-align: justify;\"><span style=\"border-width: 0px; border-style: initial; outline-style: initial; outline-width: 0px; text-size-adjust: 100%; vertical-align: baseline; background: transparent;\"><span style=\"border-width: 0px; border-style: initial; outline-style: initial; outline-width: 0px; text-size-adjust: 100%; vertical-align: baseline; background: transparent; font-weight: bold;\">Conciliation<\/span>, m\u00e9diation,\u00a0<span style=\"border-width: 0px; border-style: initial; outline-style: initial; outline-width: 0px; text-size-adjust: 100%; vertical-align: baseline; background: transparent; font-weight: bold;\">assistance<\/span>\u00a0avant ou apr\u00e8s<span style=\"border-width: 0px; border-style: initial; outline-style: initial; outline-width: 0px; text-size-adjust: 100%; vertical-align: baseline; background: transparent; font-weight: bold;\">\u00a0r\u00e9ception des travaux<\/span>, arbitrage d\u2019un litige avec une compagnie d\u2019assurance, contre-expertise\u2026 <br \/>Les cas de figure sont nombreux;<br \/>R\u00e9alisation de\u00a0<span style=\"border-width: 0px; border-style: initial; outline-style: initial; outline-width: 0px; text-size-adjust: 100%; vertical-align: baseline; background: transparent; font-weight: bold;\">constats pr\u00e9ventifs<\/span>\u00a0avant travaux afin de s\u2019assurer que les travaux d\u2019un voisin ne causeront pas de dommage \u00e0 votre habitation.<\/span><\/p>\t\t\t\t\t\t<\/div>\n\t\t\t\t<\/div>\n\t\t\t\t<\/div>\n\t\t<div class=\"elementor-element elementor-element-dd41dcd e-con-full e-flex e-con e-child\" data-id=\"dd41dcd\" data-element_type=\"container\">\n\t\t\t\t<div class=\"elementor-element elementor-element-8f0cf32 elementor-widget elementor-widget-image\" data-id=\"8f0cf32\" data-element_type=\"widget\" data-widget_type=\"image.default\">\n\t\t\t\t<div class=\"elementor-widget-container\">\n\t\t\t<style>\/*! elementor - v3.21.0 - 15-04-2024 *\/\n.elementor-widget-image{text-align:center}.elementor-widget-image a{display:inline-block}.elementor-widget-image a img[src$=\".svg\"]{width:48px}.elementor-widget-image img{vertical-align:middle;display:inline-block}<\/style>\t\t\t\t\t\t\t\t\t\t<img fetchpriority=\"high\" decoding=\"async\" width=\"580\" height=\"385\" src=\"https:\/\/x2expertise.fr\/wp-content\/uploads\/2024\/05\/maitre-oeuvre-services-professionnels-particuliers-1.jpg\" class=\"attachment-large size-large wp-image-6219\" alt=\"\" srcset=\"https:\/\/x2expertise.fr\/wp-content\/uploads\/2024\/05\/maitre-oeuvre-services-professionnels-particuliers-1.jpg 580w, https:\/\/x2expertise.fr\/wp-content\/uploads\/2024\/05\/maitre-oeuvre-services-professionnels-particuliers-1-300x199.jpg 300w\" sizes=\"(max-width: 580px) 100vw, 580px\" \/>\t\t\t\t\t\t\t\t\t\t\t\t\t<\/div>\n\t\t\t\t<\/div>\n\t\t\t\t<\/div>\n\t\t\t\t\t<\/div>\n\t\t\t\t<\/div>\n\t\t<div class=\"elementor-element elementor-element-2cb9290 e-flex e-con-boxed e-con e-parent\" data-id=\"2cb9290\" data-element_type=\"container\">\n\t\t\t\t\t<div class=\"e-con-inner\">\n\t\t<div class=\"elementor-element elementor-element-601eab9 e-con-full e-flex e-con e-child\" data-id=\"601eab9\" data-element_type=\"container\">\n\t\t\t\t<div class=\"elementor-element elementor-element-f4afcd7 elementor-widget elementor-widget-text-editor\" data-id=\"f4afcd7\" data-element_type=\"widget\" data-widget_type=\"text-editor.default\">\n\t\t\t\t<div class=\"elementor-widget-container\">\n\t\t\t\t\t\t\t<h2>Contre-expertise : expertise d\u2019assur\u00e9<\/h2><p>L\u2019expert intervient en contre-expertise apr\u00e8s le passage d\u2019un expert de compagnie d\u2019assurance qui refuserait d\u2019aller dans le sens du demandeur. <br \/>Il s\u2019agit alors d\u2019apporter des \u00e9l\u00e9ments techniques, des preuves concr\u00e8tes afin d\u2019\u00e9tayer le dossier et permettre la contestation aupr\u00e8s de la compagnie d\u2019assurance.<\/p><h2>R\u00e9ception de travaux : \u00e9viter le litige construction maison<\/h2><p>La mission d\u2019assistance\u00a0<strong>avant la r\u00e9ception de travaux<\/strong>\u00a0permet d\u2019anticiper et d\u2019\u00e9laborer un rapport pr\u00e9alable \u00e0 l\u2019\u00e9tablissement du proc\u00e8s verbal de r\u00e9ception entre le maitre d\u2019\u0153uvre et le client. Cette r\u00e9ception de travaux est importante car il en d\u00e9coule le d\u00e9clenchement de la garantie d\u00e9cennale. Il est bon de savoir que cette mission d&#8217;assistance peut se faire\u00a0<strong>apr\u00e8s la r\u00e9ception dans un d\u00e9lai de 7 jours<\/strong>\u00a0si vous constatez un probl\u00e8me\u00a0<span style=\"text-align: var(--bs-body-text-align);\">quelconque<\/span><span style=\"text-align: var(--bs-body-text-align);\">\u00a0<\/span><span style=\"text-align: var(--bs-body-text-align);\">.<\/span><\/p>\t\t\t\t\t\t<\/div>\n\t\t\t\t<\/div>\n\t\t\t\t<\/div>\n\t\t<div class=\"elementor-element elementor-element-3aa2115 e-con-full e-flex e-con e-child\" data-id=\"3aa2115\" data-element_type=\"container\">\n\t\t\t\t<div class=\"elementor-element elementor-element-ffa5a46 elementor-widget elementor-widget-image\" data-id=\"ffa5a46\" data-element_type=\"widget\" data-widget_type=\"image.default\">\n\t\t\t\t<div class=\"elementor-widget-container\">\n\t\t\t\t\t\t\t\t\t\t\t\t\t<img decoding=\"async\" width=\"768\" height=\"768\" src=\"https:\/\/x2expertise.fr\/wp-content\/uploads\/2024\/05\/expert-batiment.jpg\" class=\"attachment-large size-large wp-image-6169\" alt=\"\" srcset=\"https:\/\/x2expertise.fr\/wp-content\/uploads\/2024\/05\/expert-batiment.jpg 768w, https:\/\/x2expertise.fr\/wp-content\/uploads\/2024\/05\/expert-batiment-300x300.jpg 300w, https:\/\/x2expertise.fr\/wp-content\/uploads\/2024\/05\/expert-batiment-150x150.jpg 150w\" sizes=\"(max-width: 768px) 100vw, 768px\" \/>\t\t\t\t\t\t\t\t\t\t\t\t\t<\/div>\n\t\t\t\t<\/div>\n\t\t\t\t<\/div>\n\t\t\t\t\t<\/div>\n\t\t\t\t<\/div>\n\t\t\t\t<\/div>\n\t\t","protected":false},"excerpt":{"rendered":"<p>Votre Expert en b\u00e2timent Prev Next 01 Vous rencontrez des probl\u00e8mes lors de vos travaux ? Un\u00a0litige en cours de construction ou r\u00e9novation de votre maison, un probl\u00e8me lors de la restauration d\u2019un bien immobilier ? La\u00a0communication est difficile ou\u00a0rompue\u00a0entre vous et les entreprises, la situation est dans l\u2019impasse ?&#8230; <\/p>\n<div class=\"readmore\"><a href=\"https:\/\/x2expertise.fr\/index.php\/home-default\/\" class=\"btn-link\">Read more<\/a><\/div>\n","protected":false},"author":1,"featured_media":0,"parent":0,"menu_order":0,"comment_status":"closed","ping_status":"closed","template":"template-elementor-default.php","meta":{"_acf_changed":false,"footnotes":""},"class_list":["post-5865","page","type-page","status-publish","hentry"],"acf":[],"_links":{"self":[{"href":"https:\/\/x2expertise.fr\/index.php\/wp-json\/wp\/v2\/pages\/5865","targetHints":{"allow":["GET"]}}],"collection":[{"href":"https:\/\/x2expertise.fr\/index.php\/wp-json\/wp\/v2\/pages"}],"about":[{"href":"https:\/\/x2expertise.fr\/index.php\/wp-json\/wp\/v2\/types\/page"}],"author":[{"embeddable":true,"href":"https:\/\/x2expertise.fr\/index.php\/wp-json\/wp\/v2\/users\/1"}],"replies":[{"embeddable":true,"href":"https:\/\/x2expertise.fr\/index.php\/wp-json\/wp\/v2\/comments?post=5865"}],"version-history":[{"count":109,"href":"https:\/\/x2expertise.fr\/index.php\/wp-json\/wp\/v2\/pages\/5865\/revisions"}],"predecessor-version":[{"id":6222,"href":"https:\/\/x2expertise.fr\/index.php\/wp-json\/wp\/v2\/pages\/5865\/revisions\/6222"}],"wp:attachment":[{"href":"https:\/\/x2expertise.fr\/index.php\/wp-json\/wp\/v2\/media?parent=5865"}],"curies":[{"name":"wp","href":"https:\/\/api.w.org\/{rel}","templated":true}]}}