{"id":336,"date":"2021-06-17T07:17:41","date_gmt":"2021-06-17T07:17:41","guid":{"rendered":"https:\/\/larson-demo.bslthemes.com\/?page_id=336"},"modified":"2024-05-30T15:53:20","modified_gmt":"2024-05-30T13:53:20","slug":"services","status":"publish","type":"page","link":"https:\/\/x2expertise.fr\/index.php\/services\/","title":{"rendered":"Services"},"content":{"rendered":"\t\t<div data-elementor-type=\"wp-page\" data-elementor-id=\"336\" class=\"elementor elementor-336\">\n\t\t\t\t\t\t<section class=\"elementor-section elementor-top-section elementor-element elementor-element-24f918b elementor-section-full_width elementor-section-height-default elementor-section-height-default\" data-id=\"24f918b\" data-element_type=\"section\">\n\t\t\t\t\t\t<div class=\"elementor-container elementor-column-gap-no\">\n\t\t\t\t\t<div class=\"elementor-column elementor-col-100 elementor-top-column elementor-element elementor-element-c77494c\" data-id=\"c77494c\" data-element_type=\"column\">\n\t\t\t<div class=\"elementor-widget-wrap elementor-element-populated\">\n\t\t\t\t\t\t<div class=\"elementor-element elementor-element-794f13e elementor-widget elementor-widget-larson-intro\" data-id=\"794f13e\" data-element_type=\"widget\" data-widget_type=\"larson-intro.default\">\n\t\t\t\t<div class=\"elementor-widget-container\">\n\t\t\t\n\t\t<article class=\"article\">\n\t        <header class=\"article__header\">\n\t          <div class=\"container\">\n\t            \t            <h1 class=\"article__heading heading heading--size-large\">\n\t            \t<span >\n\t\t\t\t\t\t<p>EXPERIENCES<\/p>\t\t\t\t\t<\/span>\n\t            <\/h1>\n\t            \t            \t          <\/div>\n\t        <\/header>\n\t        \t    <\/article>\n\n\t\t\t\t<\/div>\n\t\t\t\t<\/div>\n\t\t\t\t\t<\/div>\n\t\t<\/div>\n\t\t\t\t\t<\/div>\n\t\t<\/section>\n\t\t\t\t<section class=\"elementor-section elementor-top-section elementor-element elementor-element-3170334 elementor-section-full_width elementor-section-height-default elementor-section-height-default\" data-id=\"3170334\" data-element_type=\"section\">\n\t\t\t\t\t\t<div class=\"elementor-container elementor-column-gap-no\">\n\t\t\t\t\t<div class=\"elementor-column elementor-col-100 elementor-top-column elementor-element elementor-element-03eea96\" data-id=\"03eea96\" data-element_type=\"column\">\n\t\t\t<div class=\"elementor-widget-wrap elementor-element-populated\">\n\t\t\t\t\t\t<div class=\"elementor-element elementor-element-5501ffd elementor-widget elementor-widget-larson-services-list\" data-id=\"5501ffd\" data-element_type=\"widget\" data-widget_type=\"larson-services-list.default\">\n\t\t\t\t<div class=\"elementor-widget-container\">\n\t\t\t\n\t\t<div class=\"article__main container\">\n                    <section class=\"services-list\">\n          \t            <div class=\"services-list__item service-card\" data-aos=\"fade\">\n              <div class=\"service-card__inner\">\n                <div class=\"service-card__left\">\n                                    <div class=\"service-card__text\">\n                  \t<div >\n\t\t\t\t\t\t<p style=\"padding-bottom: 1em;border-width: 0px;border-style: initial;vertical-align: baseline;background-image: initial;background-position: initial;background-size: initial;background-repeat: initial;background-attachment: initial;color: #212529;font-family: -apple-system, BlinkMacSystemFont, 'Segoe UI', Roboto, 'Helvetica Neue', Arial, sans-serif, 'Apple Color Emoji', 'Segoe UI Emoji', 'Segoe UI Symbol';text-align: justify\">L\u2019expertise achat immobilier\u00a0permet d\u2019avoir une vision globale des co\u00fbts engendr\u00e9s lors de la cr\u00e9ation du projet. Vous cherchez \u00e0 conna\u00eetre le montant des travaux \u00e0 r\u00e9aliser lors de l\u2019acquisition d\u2019un bien immobilier ? \u00a0<br \/>Fort de mon exp\u00e9rience en tant qu\u2019ancien artisan tout corps d\u2019\u00e9tat, je vous aide \u00e0 chiffrer votre projet et \u00e0 ne pas tomber dans les pi\u00e8ges de la r\u00e9novation. J\u2019aide \u00e9galement les particuliers \u00e0 mener leur projet de r\u00e9novation par eux m\u00eame en les assistant sur leur chantier pour leur montrer les bonnes pratiques et l\u2019application de la \u00ab\u00a0r\u00e8gle de l\u2019art\u00ab\u00a0.<br \/><br \/><span style=\"color: #0d0d0d;font-family: S\u00f6hne, ui-sans-serif, system-ui, -apple-system, 'Segoe UI', Roboto, Ubuntu, Cantarell, 'Noto Sans', sans-serif, 'Helvetica Neue', Arial, 'Apple Color Emoji', 'Segoe UI Emoji', 'Segoe UI Symbol', 'Noto Color Emoji';text-align: start\">Avec deux d\u00e9cennies d'exp\u00e9rience dans le secteur du b\u00e2timent, je m'engage \u00e0 offrir un savoir-faire in\u00e9gal\u00e9 et une expertise solide \u00e0 chacun de nos projets. Mon parcours de 20 ans dans l'industrie m'a permis de d\u00e9velopper une compr\u00e9hension approfondie des d\u00e9fis et des exigences uniques du domaine de la construction. De la planification minutieuse \u00e0 l'ex\u00e9cution impeccable, je mets \u00e0 profit mon exp\u00e9rience pour garantir des r\u00e9sultats exceptionnels \u00e0 chaque \u00e9tape du processus. <\/span><\/p>\t\t\t\t\t<\/div>\n                  <\/div>\n                  \t\t\t\t                    <div class=\"num\">\n                  \t<span >\n\t\t\t\t\t\t20 ans\t\t\t\t\t<\/span>\n                  <\/div>\n                                  <\/div>\n                <div class=\"service-card__right\">\n                                    <img decoding=\"async\" src=\"https:\/\/x2expertise.fr\/wp-content\/uploads\/2022\/03\/dia.jpeg\" alt=\"\" \/>\n                                    <div class=\"service-card__detail\">\n                                                                              <\/div>\n                <\/div>\n              <\/div>\n            <\/div>\n                        <div class=\"services-list__item service-card service-card--reverse\" data-aos=\"fade\">\n              <div class=\"service-card__inner\">\n                <div class=\"service-card__left\">\n                                    <div class=\"service-card__text\">\n                  \t<div >\n\t\t\t\t\t\t<p style=\"padding-bottom: 1em;border-width: 0px;border-style: initial;vertical-align: baseline;background-image: initial;background-position: initial;background-size: initial;background-repeat: initial;background-attachment: initial;color: #212529;font-family: -apple-system, BlinkMacSystemFont, 'Segoe UI', Roboto, 'Helvetica Neue', Arial, sans-serif, 'Apple Color Emoji', 'Segoe UI Emoji', 'Segoe UI Symbol';text-align: justify\">\n<\/p><p style=\"border-width: 0px;border-style: initial;vertical-align: baseline;background-image: initial;background-position: initial;background-size: initial;background-repeat: initial;background-attachment: initial;color: #212529;font-family: -apple-system, BlinkMacSystemFont, 'Segoe UI', Roboto, 'Helvetica Neue', Arial, sans-serif, 'Apple Color Emoji', 'Segoe UI Emoji', 'Segoe UI Symbol';text-align: justify\"><span style=\"border-width: 0px;border-style: initial;vertical-align: baseline;background: transparent;color: #000000\"><b>Apr\u00e8s 20 ans d\u2019exp\u00e9rience<\/b> \u00e0 \u00ab&nbsp;faire&nbsp;\u00bb les choses, dont 8 ans en SARL, je mets \u00e0 votre service toutes ces ann\u00e9es d'exp\u00e9riences en passant de l\u2019autre c\u00f4t\u00e9 de la barri\u00e8re.&nbsp;<br><span style=\"border-width: 0px;border-style: initial;vertical-align: baseline;background: transparent;font-weight: bold\"><br>Conseils techniques<\/span>, chiffrages de projet, expertise avant un achat immobilier ou une vente, contre-expertise, r\u00e8glement de litiges, constat-expertise malfa\u00e7ons\u2026 les raisons de faire appel \u00e0 un expert ind\u00e9pendant sont nombreuses. La force de l\u2019expert est qu\u2019il porte un&nbsp;<span style=\"border-width: 0px;border-style: initial;vertical-align: baseline;background: transparent;font-weight: bold\">regard objectif<\/span>&nbsp;sur une situation, sans affect, et donne un avis purement technique, loin de toute implication personnelle.<br><br><span style=\"font-family: Gilroy, Arial, sans-serif;font-size: 25px;font-weight: bold;text-align: start\">06 82 84 26 62<\/span><br><\/span><\/p>\t\t\t\t\t<\/div>\n                  <\/div>\n                  \t\t\t\t                  <\/div>\n                <div class=\"service-card__right\">\n                                    <img decoding=\"async\" src=\"https:\/\/x2expertise.fr\/wp-content\/uploads\/2022\/03\/project-2.jpg\" alt=\"\" \/>\n                                    <div class=\"service-card__detail\">\n                                                                              <\/div>\n                <\/div>\n              <\/div>\n            <\/div>\n                      <\/section>\n                  <\/div>\n\n\t\t\t\t<\/div>\n\t\t\t\t<\/div>\n\t\t\t\t\t<\/div>\n\t\t<\/div>\n\t\t\t\t\t<\/div>\n\t\t<\/section>\n\t\t\t\t<\/div>\n\t\t","protected":false},"excerpt":{"rendered":"<p>EXPERIENCES L\u2019expertise achat immobilier\u00a0permet d\u2019avoir une vision globale des co\u00fbts engendr\u00e9s lors de la cr\u00e9ation du projet. Vous cherchez \u00e0 conna\u00eetre le montant des travaux \u00e0 r\u00e9aliser lors de l\u2019acquisition d\u2019un bien immobilier ? \u00a0Fort de mon exp\u00e9rience en tant qu\u2019ancien artisan tout corps d\u2019\u00e9tat, je vous aide \u00e0 chiffrer&#8230; <\/p>\n<div class=\"readmore\"><a href=\"https:\/\/x2expertise.fr\/index.php\/services\/\" class=\"btn-link\">Read more<\/a><\/div>\n","protected":false},"author":1,"featured_media":0,"parent":0,"menu_order":0,"comment_status":"closed","ping_status":"closed","template":"template-elementor-default.php","meta":{"_acf_changed":false,"footnotes":""},"class_list":["post-336","page","type-page","status-publish","hentry"],"acf":[],"_links":{"self":[{"href":"https:\/\/x2expertise.fr\/index.php\/wp-json\/wp\/v2\/pages\/336","targetHints":{"allow":["GET"]}}],"collection":[{"href":"https:\/\/x2expertise.fr\/index.php\/wp-json\/wp\/v2\/pages"}],"about":[{"href":"https:\/\/x2expertise.fr\/index.php\/wp-json\/wp\/v2\/types\/page"}],"author":[{"embeddable":true,"href":"https:\/\/x2expertise.fr\/index.php\/wp-json\/wp\/v2\/users\/1"}],"replies":[{"embeddable":true,"href":"https:\/\/x2expertise.fr\/index.php\/wp-json\/wp\/v2\/comments?post=336"}],"version-history":[{"count":37,"href":"https:\/\/x2expertise.fr\/index.php\/wp-json\/wp\/v2\/pages\/336\/revisions"}],"predecessor-version":[{"id":6273,"href":"https:\/\/x2expertise.fr\/index.php\/wp-json\/wp\/v2\/pages\/336\/revisions\/6273"}],"wp:attachment":[{"href":"https:\/\/x2expertise.fr\/index.php\/wp-json\/wp\/v2\/media?parent=336"}],"curies":[{"name":"wp","href":"https:\/\/api.w.org\/{rel}","templated":true}]}}