{"id":306,"date":"2021-06-17T06:49:13","date_gmt":"2021-06-17T06:49:13","guid":{"rendered":"https:\/\/larson-demo.bslthemes.com\/?page_id=306"},"modified":"2024-05-30T17:07:47","modified_gmt":"2024-05-30T15:07:47","slug":"service","status":"publish","type":"page","link":"https:\/\/x2expertise.fr\/index.php\/service\/","title":{"rendered":"Service"},"content":{"rendered":"\t\t<div data-elementor-type=\"wp-page\" data-elementor-id=\"306\" class=\"elementor elementor-306\">\n\t\t\t\t\t\t<section class=\"elementor-section elementor-top-section elementor-element elementor-element-24f918b elementor-section-full_width elementor-section-height-default elementor-section-height-default\" data-id=\"24f918b\" data-element_type=\"section\">\n\t\t\t\t\t\t<div class=\"elementor-container elementor-column-gap-no\">\n\t\t\t\t\t<div class=\"elementor-column elementor-col-100 elementor-top-column elementor-element elementor-element-c77494c\" data-id=\"c77494c\" data-element_type=\"column\">\n\t\t\t<div class=\"elementor-widget-wrap elementor-element-populated\">\n\t\t\t\t\t\t<div class=\"elementor-element elementor-element-794f13e elementor-widget elementor-widget-larson-intro\" data-id=\"794f13e\" data-element_type=\"widget\" data-widget_type=\"larson-intro.default\">\n\t\t\t\t<div class=\"elementor-widget-container\">\n\t\t\t\n\t\t<article class=\"article\">\n\t        <header class=\"article__header\">\n\t          <div class=\"container\">\n\t            \t            <h1 class=\"article__heading heading heading--size-large\">\n\t            \t<span >\n\t\t\t\t\t\tExpertise malfa\u00e7on travaux\t\t\t\t\t<\/span>\n\t            <\/h1>\n\t            \t            \t            <div class=\"article__header-text\">\n\t            \t<span >\n\t\t\t\t\t\t<p>Vous avez fait r\u00e9aliser des travaux et vous constatez des probl\u00e8mes de finitions, des choses qui ne fonctionnent pas, des mat\u00e9riaux d\u00e9faillants ? <br>L\u2019expertise malfa\u00e7on travaux permet d\u2019acter un certain nombre de dysfonctionnement, de lister ce qui ne va pas, avant d\u2019entamer une proc\u00e9dure plus complexe. Des fissures apparaissent sur vos murs, vos sols, quelques temps apr\u00e8s le passage des entreprises ? L\u2019expert en b\u00e2timent est l\u00e0 pour constater ces d\u00e9fauts, en trouver les causes et parfois donner des prescriptions techniques pour y rem\u00e9dier.<\/p>\t\t\t\t\t<\/span>\n\t            <\/div>\n\t            \t          <\/div>\n\t        <\/header>\n\t        \t        <div class=\"article__single-service-image container\">\n\t          <img decoding=\"async\" src=\"https:\/\/x2expertise.fr\/wp-content\/uploads\/2021\/06\/hero@2x-1-1920x1076.jpg\" alt=\"\" \/>\n\t        <\/div>\n\t        \t    <\/article>\n\n\t\t\t\t<\/div>\n\t\t\t\t<\/div>\n\t\t\t\t\t<\/div>\n\t\t<\/div>\n\t\t\t\t\t<\/div>\n\t\t<\/section>\n\t\t\t\t<section class=\"elementor-section elementor-top-section elementor-element elementor-element-e61b6a8 elementor-section-full_width elementor-section-height-default elementor-section-height-default\" data-id=\"e61b6a8\" data-element_type=\"section\">\n\t\t\t\t\t\t<div class=\"elementor-container elementor-column-gap-no\">\n\t\t\t\t\t<div class=\"elementor-column elementor-col-50 elementor-top-column elementor-element elementor-element-957378c\" data-id=\"957378c\" data-element_type=\"column\">\n\t\t\t<div class=\"elementor-widget-wrap elementor-element-populated\">\n\t\t\t\t\t\t<div class=\"elementor-element elementor-element-25b14ea elementor-widget elementor-widget-larson-service-description\" data-id=\"25b14ea\" data-element_type=\"widget\" data-widget_type=\"larson-service-description.default\">\n\t\t\t\t<div class=\"elementor-widget-container\">\n\t\t\t\n\t\t\t\t<div class=\"article__main article__main--width-small container\">\n          <div class=\"single-service-block\">\n          \t<div >\n\t\t\t\t<h1>DU<strong> CONSTAT AUX CONSEILS...<\/strong><\/h1><p>En tant que professionnel qualifi\u00e9, votre expert en b\u00e2timent peut vous proposer un\u00a0<strong>rapport complet<\/strong>\u00a0afin d\u2019identifier les points probl\u00e9matiques. Et apr\u00e8s une premi\u00e8re analyse, il dresse un diagnostic et peut prescrire des\u00a0<strong>solutions techniques adapt\u00e9es<\/strong>. Bien souvent il s\u2019agit de reprendre les points probl\u00e9matiques avec les entreprises concern\u00e9es ou de faire intervenir l\u2019assurance. TECNI BAT met ses 20 ans d\u2019exp\u00e9rience \u00e0 votre service pour vous accompagner dans vos d\u00e9marches.<\/p><p>Dans le cadre d\u2019une r\u00e9ception de travaux, l\u2019<strong>expertise malfa\u00e7on travaux<\/strong>\u00a0aide \u00e0 identifier les r\u00e9serves \u00e0 \u00e9mettre avant la r\u00e9ception officielle avec les maitre d\u2019\u0153uvre ou les entreprises. Et dans le cadre d\u2019un achat immobilier par exemple, l\u2019objectif est de trouver les<strong>\u00a0vices cach\u00e9s<\/strong>\u00a0lorsqu\u2019ils sont d\u00e9celables. L\u2019expert n\u2019est pas l\u00e0 pour juger le travail des autres. Il dresse un constat \u00e0 un instant donn\u00e9, sur une situation pr\u00e9cise, en toute objectivit\u00e9. La finalit\u00e9 est de trouver des solutions \u00e0 l\u2019amiable et de ne pas entrer dans une proc\u00e9dure judiciaire longue et couteuse, qui n\u2019aboutit pas toujours de mani\u00e8re favorable.<\/p><p><img fetchpriority=\"high\" decoding=\"async\" class=\"alignnone wp-image-323 size-full\" src=\"https:\/\/bslthemes.com\/import\/larson\/01\/uploads\/2021\/06\/drawing@2x.jpg\" alt=\"\" width=\"1460\" height=\"810\" srcset=\"https:\/\/x2expertise.fr\/wp-content\/uploads\/2021\/06\/drawing@2x.jpg 1460w, https:\/\/x2expertise.fr\/wp-content\/uploads\/2021\/06\/drawing@2x-300x166.jpg 300w, https:\/\/x2expertise.fr\/wp-content\/uploads\/2021\/06\/drawing@2x-1024x568.jpg 1024w, https:\/\/x2expertise.fr\/wp-content\/uploads\/2021\/06\/drawing@2x-768x426.jpg 768w, https:\/\/x2expertise.fr\/wp-content\/uploads\/2021\/06\/drawing@2x-900x499.jpg 900w, https:\/\/x2expertise.fr\/wp-content\/uploads\/2021\/06\/drawing@2x-600x333.jpg 600w\" sizes=\"(max-width: 1460px) 100vw, 1460px\" \/><\/p>\t\t\t<\/div>\n\t\t  <\/div>\n\t\t<\/div>\n\t\t\n\t\t\t\t<\/div>\n\t\t\t\t<\/div>\n\t\t\t\t\t<\/div>\n\t\t<\/div>\n\t\t\t\t<div class=\"elementor-column elementor-col-50 elementor-top-column elementor-element elementor-element-1a706a0\" data-id=\"1a706a0\" data-element_type=\"column\">\n\t\t\t<div class=\"elementor-widget-wrap elementor-element-populated\">\n\t\t\t\t\t\t<div class=\"elementor-element elementor-element-eb858d7 elementor-widget elementor-widget-larson-intro\" data-id=\"eb858d7\" data-element_type=\"widget\" data-widget_type=\"larson-intro.default\">\n\t\t\t\t<div class=\"elementor-widget-container\">\n\t\t\t\n\t\t<article class=\"article\">\n\t        <header class=\"article__header\">\n\t          <div class=\"container\">\n\t            \t            <h1 class=\"article__heading heading heading--size-large\">\n\t            \t<span >\n\t\t\t\t\t\tAnalyse thermique\t\t\t\t\t<\/span>\n\t            <\/h1>\n\t            \t            \t            <div class=\"article__header-text\">\n\t            \t<span >\n\t\t\t\t\t\t<p><span>Sp\u00e9cialistes dans l'analyse thermique, nous offrons des solutions pr\u00e9cises et efficaces pour d\u00e9tecter les probl\u00e8mes invisibles \u00e0 l'\u0153il nu. Que ce soit pour identifier des fuites d'air, des ponts thermiques, des surchauffes \u00e9lectriques ou des infiltrations d'eau, notre technologie de pointe vous permet d'obtenir un diagnostic rapide et fiable. Nos experts, \u00e9quip\u00e9s des derni\u00e8res innovations en mati\u00e8re de cam\u00e9ra thermique, sont pr\u00eats \u00e0 intervenir pour vous fournir des rapports d\u00e9taill\u00e9s et des recommandations personnalis\u00e9es. Faites confiance \u00e0 notre expertise pour garantir la s\u00e9curit\u00e9 et l'efficacit\u00e9 \u00e9nerg\u00e9tique de vos installations.<\/span><br><\/p>\t\t\t\t\t<\/span>\n\t            <\/div>\n\t            \t          <\/div>\n\t        <\/header>\n\t        \t        <div class=\"article__single-service-image container\">\n\t          <img decoding=\"async\" src=\"https:\/\/x2expertise.fr\/wp-content\/uploads\/2024\/05\/home-diagnosis.jpg\" alt=\"\" \/>\n\t        <\/div>\n\t        \t    <\/article>\n\n\t\t\t\t<\/div>\n\t\t\t\t<\/div>\n\t\t\t\t\t<\/div>\n\t\t<\/div>\n\t\t\t\t\t<\/div>\n\t\t<\/section>\n\t\t\t\t<\/div>\n\t\t","protected":false},"excerpt":{"rendered":"<p>Expertise malfa\u00e7on travaux Vous avez fait r\u00e9aliser des travaux et vous constatez des probl\u00e8mes de finitions, des choses qui ne fonctionnent pas, des mat\u00e9riaux d\u00e9faillants ? L\u2019expertise malfa\u00e7on travaux permet d\u2019acter un certain nombre de dysfonctionnement, de lister ce qui ne va pas, avant d\u2019entamer une proc\u00e9dure plus complexe. Des&#8230; <\/p>\n<div class=\"readmore\"><a href=\"https:\/\/x2expertise.fr\/index.php\/service\/\" class=\"btn-link\">Read more<\/a><\/div>\n","protected":false},"author":1,"featured_media":0,"parent":0,"menu_order":0,"comment_status":"closed","ping_status":"closed","template":"template-elementor-default.php","meta":{"_acf_changed":false,"footnotes":""},"class_list":["post-306","page","type-page","status-publish","hentry"],"acf":[],"_links":{"self":[{"href":"https:\/\/x2expertise.fr\/index.php\/wp-json\/wp\/v2\/pages\/306","targetHints":{"allow":["GET"]}}],"collection":[{"href":"https:\/\/x2expertise.fr\/index.php\/wp-json\/wp\/v2\/pages"}],"about":[{"href":"https:\/\/x2expertise.fr\/index.php\/wp-json\/wp\/v2\/types\/page"}],"author":[{"embeddable":true,"href":"https:\/\/x2expertise.fr\/index.php\/wp-json\/wp\/v2\/users\/1"}],"replies":[{"embeddable":true,"href":"https:\/\/x2expertise.fr\/index.php\/wp-json\/wp\/v2\/comments?post=306"}],"version-history":[{"count":22,"href":"https:\/\/x2expertise.fr\/index.php\/wp-json\/wp\/v2\/pages\/306\/revisions"}],"predecessor-version":[{"id":6287,"href":"https:\/\/x2expertise.fr\/index.php\/wp-json\/wp\/v2\/pages\/306\/revisions\/6287"}],"wp:attachment":[{"href":"https:\/\/x2expertise.fr\/index.php\/wp-json\/wp\/v2\/media?parent=306"}],"curies":[{"name":"wp","href":"https:\/\/api.w.org\/{rel}","templated":true}]}}