{"id":1070,"date":"2021-08-01T17:45:20","date_gmt":"2021-08-01T17:45:20","guid":{"rendered":"https:\/\/larson-demo.bslthemes.com\/?page_id=1070"},"modified":"2024-05-30T15:54:22","modified_gmt":"2024-05-30T13:54:22","slug":"home-video","status":"publish","type":"page","link":"https:\/\/x2expertise.fr\/","title":{"rendered":"Home (Video)"},"content":{"rendered":"\t\t<div data-elementor-type=\"wp-page\" data-elementor-id=\"1070\" class=\"elementor elementor-1070\">\n\t\t\t\t\t\t<section class=\"elementor-section elementor-top-section elementor-element elementor-element-99d7b42 elementor-section-full_width elementor-section-height-default elementor-section-height-default\" data-id=\"99d7b42\" data-element_type=\"section\">\n\t\t\t\t\t\t<div class=\"elementor-container elementor-column-gap-no\">\n\t\t\t\t\t<div class=\"elementor-column elementor-col-100 elementor-top-column elementor-element elementor-element-e918135\" data-id=\"e918135\" data-element_type=\"column\">\n\t\t\t<div class=\"elementor-widget-wrap\">\n\t\t\t\t\t\t\t<\/div>\n\t\t<\/div>\n\t\t\t\t\t<\/div>\n\t\t<\/section>\n\t\t\t\t<section class=\"elementor-section elementor-top-section elementor-element elementor-element-c8f5bf9 elementor-section-full_width elementor-section-height-default elementor-section-height-default\" data-id=\"c8f5bf9\" data-element_type=\"section\">\n\t\t\t\t\t\t<div class=\"elementor-container elementor-column-gap-no\">\n\t\t\t\t\t<div class=\"elementor-column elementor-col-100 elementor-top-column elementor-element elementor-element-e74b238\" data-id=\"e74b238\" data-element_type=\"column\">\n\t\t\t<div class=\"elementor-widget-wrap elementor-element-populated\">\n\t\t\t\t\t\t<div class=\"elementor-element elementor-element-7ed2cff elementor-widget elementor-widget-larson-video-section\" data-id=\"7ed2cff\" data-element_type=\"widget\" data-widget_type=\"larson-video-section.default\">\n\t\t\t\t<div class=\"elementor-widget-container\">\n\t\t\t\n\t\t<section class=\"video-section video-section--fixed\">\n\t      <div class=\"video-section__inner\">\n\t        \t        <video autoplay muted loop playsinline>\n\t          <source src=\"https:\/\/bslthemes.com\/import\/larson\/01\/uploads\/2021\/08\/video.mp4\" type=\"video\/mp4\">\n\t        <\/video>\n\t    \t\t        \t        <a class=\"video-section__logo logo--large logo--white logo\">\n\t          \t          \t\t          \t<img decoding=\"async\" src=\"https:\/\/x2expertise.fr\/wp-content\/uploads\/2024\/04\/x2.png\" alt=\"\" \/>\n\t         \t\t          \t        <\/a>\n\t        \t        <div class=\"video-section__bottom\" data-aos=\"fade\">\n\t          \t      \t  \t        <\/div>\n\t      <\/div>\n\t    <\/section>\n\n\t\t\t\t<\/div>\n\t\t\t\t<\/div>\n\t\t\t\t\t<\/div>\n\t\t<\/div>\n\t\t\t\t\t<\/div>\n\t\t<\/section>\n\t\t<div class=\"elementor-element elementor-element-bb81a32 e-flex e-con-boxed e-con e-parent\" data-id=\"bb81a32\" data-element_type=\"container\">\n\t\t\t\t\t<div class=\"e-con-inner\">\n\t\t\t\t<div class=\"elementor-element elementor-element-696e16a elementor-widget elementor-widget-heading\" data-id=\"696e16a\" data-element_type=\"widget\" data-widget_type=\"heading.default\">\n\t\t\t\t<div class=\"elementor-widget-container\">\n\t\t\t<style>\/*! elementor - v3.21.0 - 15-04-2024 *\/\n.elementor-heading-title{padding:0;margin:0;line-height:1}.elementor-widget-heading .elementor-heading-title[class*=elementor-size-]>a{color:inherit;font-size:inherit;line-height:inherit}.elementor-widget-heading .elementor-heading-title.elementor-size-small{font-size:15px}.elementor-widget-heading .elementor-heading-title.elementor-size-medium{font-size:19px}.elementor-widget-heading .elementor-heading-title.elementor-size-large{font-size:29px}.elementor-widget-heading .elementor-heading-title.elementor-size-xl{font-size:39px}.elementor-widget-heading .elementor-heading-title.elementor-size-xxl{font-size:59px}<\/style><h2 class=\"elementor-heading-title elementor-size-default\">Florian PERRIER - Expert en b\u00e2timent <\/h2>\t\t<\/div>\n\t\t\t\t<\/div>\n\t\t\t\t\t<\/div>\n\t\t\t\t<\/div>\n\t\t<div class=\"elementor-element elementor-element-6134684 e-flex e-con-boxed e-con e-parent\" data-id=\"6134684\" data-element_type=\"container\">\n\t\t\t\t\t<div class=\"e-con-inner\">\n\t\t<div class=\"elementor-element elementor-element-a510fb5 e-con-full e-flex e-con e-child\" data-id=\"a510fb5\" data-element_type=\"container\">\n\t\t\t\t<div class=\"elementor-element elementor-element-acc1b6b elementor-widget elementor-widget-image\" data-id=\"acc1b6b\" data-element_type=\"widget\" data-widget_type=\"image.default\">\n\t\t\t\t<div class=\"elementor-widget-container\">\n\t\t\t<style>\/*! elementor - v3.21.0 - 15-04-2024 *\/\n.elementor-widget-image{text-align:center}.elementor-widget-image a{display:inline-block}.elementor-widget-image a img[src$=\".svg\"]{width:48px}.elementor-widget-image img{vertical-align:middle;display:inline-block}<\/style>\t\t\t\t\t\t\t\t\t\t<img fetchpriority=\"high\" decoding=\"async\" width=\"426\" height=\"482\" src=\"https:\/\/x2expertise.fr\/wp-content\/uploads\/2024\/05\/Screenshot_2.jpg\" class=\"attachment-large size-large wp-image-6185\" alt=\"\" srcset=\"https:\/\/x2expertise.fr\/wp-content\/uploads\/2024\/05\/Screenshot_2.jpg 426w, https:\/\/x2expertise.fr\/wp-content\/uploads\/2024\/05\/Screenshot_2-265x300.jpg 265w\" sizes=\"(max-width: 426px) 100vw, 426px\" \/>\t\t\t\t\t\t\t\t\t\t\t\t\t<\/div>\n\t\t\t\t<\/div>\n\t\t\t\t<\/div>\n\t\t<div class=\"elementor-element elementor-element-07ca5b8 e-con-full e-flex e-con e-child\" data-id=\"07ca5b8\" data-element_type=\"container\">\n\t\t\t\t<div class=\"elementor-element elementor-element-7fe053f elementor-widget elementor-widget-text-editor\" data-id=\"7fe053f\" data-element_type=\"widget\" data-widget_type=\"text-editor.default\">\n\t\t\t\t<div class=\"elementor-widget-container\">\n\t\t\t<style>\/*! elementor - v3.21.0 - 15-04-2024 *\/\n.elementor-widget-text-editor.elementor-drop-cap-view-stacked .elementor-drop-cap{background-color:#69727d;color:#fff}.elementor-widget-text-editor.elementor-drop-cap-view-framed .elementor-drop-cap{color:#69727d;border:3px solid;background-color:transparent}.elementor-widget-text-editor:not(.elementor-drop-cap-view-default) .elementor-drop-cap{margin-top:8px}.elementor-widget-text-editor:not(.elementor-drop-cap-view-default) .elementor-drop-cap-letter{width:1em;height:1em}.elementor-widget-text-editor .elementor-drop-cap{float:left;text-align:center;line-height:1;font-size:50px}.elementor-widget-text-editor .elementor-drop-cap-letter{display:inline-block}<\/style>\t\t\t\t<h3><strong>X\u00b2 Expertise votre partenaire de confiance<\/strong><\/h3><p>Forts d&#8217;une exp\u00e9rience solide et d&#8217;une expertise approfondie dans le domaine de la construction et de la r\u00e9novation, je suis d\u00e9termin\u00e9 \u00e0 fournir des services d&#8217;expertise de la plus haute qualit\u00e9 \u00e0 mes clients. <br \/>Que vous soyez confront\u00e9s \u00e0 des probl\u00e8mes de malfa\u00e7ons, des litiges de construction ou de r\u00e9novation, des expertises pr\u00e9alables \u00e0 l&#8217;achat ou \u00e0 la vente d&#8217;une propri\u00e9t\u00e9, ou toute autre question li\u00e9e au b\u00e2timent, je suis l\u00e0 pour vous aider.<\/p><p>Je m&#8217;implique afin de vous offrir des solutions pr\u00e9cises, objectives et personnalis\u00e9es pour r\u00e9pondre \u00e0 vos besoins sp\u00e9cifiques. N&#8217;h\u00e9sitez pas \u00e0 me contacter au <b>06 82 84 26 62<\/b> pour discuter de la fa\u00e7on dont je peux vous aider \u00e0 atteindre vos objectifs en mati\u00e8re de construction, r\u00e9novation en immobilier.<\/p><p><b>L\u2019expert aura \u00e9galement vocation \u00e0 constater des\u00a0malfa\u00e7ons. <\/b><br \/>A vous accompagner lors de la r\u00e9ception de travaux ou encore <b>\u00e9tablir un\u00a0chiffrage\u00a0pour la r\u00e9alisation de travaux \u00e0 effectuer.\u00a0<\/b><\/p><p>\u00a0<\/p>\t\t\t\t\t\t<\/div>\n\t\t\t\t<\/div>\n\t\t\t\t<\/div>\n\t\t\t\t\t<\/div>\n\t\t\t\t<\/div>\n\t\t<div class=\"elementor-element elementor-element-5eb92c9 e-flex e-con-boxed e-con e-parent\" data-id=\"5eb92c9\" data-element_type=\"container\">\n\t\t\t\t\t<div class=\"e-con-inner\">\n\t\t<div class=\"elementor-element elementor-element-43a57c1 e-con-full e-flex e-con e-child\" data-id=\"43a57c1\" data-element_type=\"container\">\n\t\t\t\t<div class=\"elementor-element elementor-element-768b563 elementor-widget elementor-widget-text-editor\" data-id=\"768b563\" data-element_type=\"widget\" data-widget_type=\"text-editor.default\">\n\t\t\t\t<div class=\"elementor-widget-container\">\n\t\t\t\t\t\t\t<h3><strong>EXPERTISE TECHNIQUE\u00a0:<br \/>Achat immobilier, conseils techniques, contre-expertise&#8230;<\/strong><\/h3><p>A travers ses connaissances et son exp\u00e9rience, l\u2019expert ind\u00e9pendant se verra confier plusieurs missions d\u2019ordre purement techniques. Et il aura un r\u00f4le de\u00a0<strong>conseiller technique<\/strong>\u00a0dans la plupart des situations d\u2019expertise priv\u00e9e. Ainsi les missions, fr\u00e9quemment rencontr\u00e9es sont : l\u2019accompagnement lors d\u2019un\u00a0<strong>achat<\/strong>\u00a0ou d\u2019une\u00a0<strong>vente immobili\u00e8re<\/strong>.<br \/>Mais l\u2019expert joue \u00e9galement un r\u00f4le de conseiller technique lorsqu\u2019un particulier d\u00e9sire faire de l\u2019<strong>auto-construction<\/strong>. Il apporte ses connaissances techniques et sa ma\u00eetrise dans les \u00ab\u00a0r\u00e8gles de l\u2019art\u00a0\u00bb.\u00a0<\/p><p>Fort de\u00a0<b>20 ans d\u2019exp\u00e9riences<\/b>\u00a0dans la r\u00e9novation X\u00b2 Expertise r\u00e9alise des\u00a0<strong>expertises priv\u00e9es dans le Gard, l&#8217;H\u00e9rault et la Loz\u00e8re\u00a0<\/strong>pour le compte de particuliers ou d\u2019entreprises.<\/p>\t\t\t\t\t\t<\/div>\n\t\t\t\t<\/div>\n\t\t\t\t<\/div>\n\t\t\t\t<div class=\"elementor-element elementor-element-d0262f0 elementor-widget elementor-widget-image\" data-id=\"d0262f0\" data-element_type=\"widget\" data-widget_type=\"image.default\">\n\t\t\t\t<div class=\"elementor-widget-container\">\n\t\t\t\t\t\t\t\t\t\t\t\t\t<img decoding=\"async\" width=\"425\" height=\"461\" src=\"https:\/\/x2expertise.fr\/wp-content\/uploads\/2024\/05\/Screenshot_3.jpg\" class=\"attachment-large size-large wp-image-6223\" alt=\"\" srcset=\"https:\/\/x2expertise.fr\/wp-content\/uploads\/2024\/05\/Screenshot_3.jpg 425w, https:\/\/x2expertise.fr\/wp-content\/uploads\/2024\/05\/Screenshot_3-277x300.jpg 277w\" sizes=\"(max-width: 425px) 100vw, 425px\" \/>\t\t\t\t\t\t\t\t\t\t\t\t\t<\/div>\n\t\t\t\t<\/div>\n\t\t\t\t\t<\/div>\n\t\t\t\t<\/div>\n\t\t\t\t<\/div>\n\t\t","protected":false},"excerpt":{"rendered":"<p>Florian PERRIER &#8211; Expert en b\u00e2timent X\u00b2 Expertise votre partenaire de confiance Forts d&#8217;une exp\u00e9rience solide et d&#8217;une expertise approfondie dans le domaine de la construction et de la r\u00e9novation, je suis d\u00e9termin\u00e9 \u00e0 fournir des services d&#8217;expertise de la plus haute qualit\u00e9 \u00e0 mes clients. Que vous soyez confront\u00e9s&#8230; <\/p>\n<div class=\"readmore\"><a href=\"https:\/\/x2expertise.fr\/\" class=\"btn-link\">Read more<\/a><\/div>\n","protected":false},"author":1,"featured_media":0,"parent":0,"menu_order":0,"comment_status":"closed","ping_status":"closed","template":"template-elementor-default.php","meta":{"_acf_changed":false,"footnotes":""},"class_list":["post-1070","page","type-page","status-publish","hentry"],"acf":[],"_links":{"self":[{"href":"https:\/\/x2expertise.fr\/index.php\/wp-json\/wp\/v2\/pages\/1070","targetHints":{"allow":["GET"]}}],"collection":[{"href":"https:\/\/x2expertise.fr\/index.php\/wp-json\/wp\/v2\/pages"}],"about":[{"href":"https:\/\/x2expertise.fr\/index.php\/wp-json\/wp\/v2\/types\/page"}],"author":[{"embeddable":true,"href":"https:\/\/x2expertise.fr\/index.php\/wp-json\/wp\/v2\/users\/1"}],"replies":[{"embeddable":true,"href":"https:\/\/x2expertise.fr\/index.php\/wp-json\/wp\/v2\/comments?post=1070"}],"version-history":[{"count":79,"href":"https:\/\/x2expertise.fr\/index.php\/wp-json\/wp\/v2\/pages\/1070\/revisions"}],"predecessor-version":[{"id":6276,"href":"https:\/\/x2expertise.fr\/index.php\/wp-json\/wp\/v2\/pages\/1070\/revisions\/6276"}],"wp:attachment":[{"href":"https:\/\/x2expertise.fr\/index.php\/wp-json\/wp\/v2\/media?parent=1070"}],"curies":[{"name":"wp","href":"https:\/\/api.w.org\/{rel}","templated":true}]}}